{"id":20164,"date":"2018-02-14T12:28:28","date_gmt":"2018-02-14T11:28:28","guid":{"rendered":"https:\/\/schwarzkopf-stiftung.de\/cms\/data-protection-declaration\/"},"modified":"2021-01-25T15:50:24","modified_gmt":"2021-01-25T14:50:24","slug":"data-protection-declaration","status":"publish","type":"page","link":"https:\/\/sf-alt.europa-verstehen.de\/en\/data-protection-declaration\/","title":{"rendered":"Data protection declaration"},"content":{"rendered":"<p>[vc_row css_animation=&#8221;&#8221; row_type=&#8221;row&#8221; use_row_as_full_screen_section=&#8221;no&#8221; type=&#8221;grid&#8221; angled_section=&#8221;no&#8221; text_align=&#8221;left&#8221; background_image_as_pattern=&#8221;without_pattern&#8221; el_class=&#8221;fullWhiteContent&#8221; z_index=&#8221;&#8221;][vc_column][vc_column_text]<\/p>\n<div class=\"articles\">\n<div class=\"one-post\">\n<div id=\"post-16142\" class=\"post-caption post-16142 page type-page status-publish hentry\">\n<h1>Data protection delaration (Ger)<\/h1>\n<\/div>\n<div class=\"post-body\">\n<h1>Datenschutzerkl\u00e4rung<\/h1>\n<p>&nbsp;<\/p>\n<p>Mittels dieser Datenschutzerkl\u00e4rung m\u00f6chten wir Sie \u00fcber unseren Umgang mit personenbezogenen Daten, die ggf. beim Besuch unserer Webseite erhoben werden, informieren.<\/p>\n<p>&nbsp;<\/p>\n<h4 class=\"post-caption post-16142 page type-page status-publish hentry\">1.\u00a0\u00a0\u00a0\u00a0 <strong>Kontaktdaten Verantwortlicher:<\/strong><\/h4>\n<p>Schwarzkopf-Stiftung Junges Europa<br \/>\nSophienstr. 28 \/ 29<br \/>\n10178 Berlin<br \/>\nEmail: info@schwarzkopf-stiftung.de<br \/>\nRufnummer: 0049 \u2013 30 \u2013 726 21 95 27<br \/>\nFax: 0049 \u2013 30 \u2013 280 95 150<\/p>\n<p>&nbsp;<\/p>\n<h4>2.\u00a0\u00a0\u00a0\u00a0 <strong>Kontaktdaten betrieblicher Datenschutzbeauftragter:<\/strong><\/h4>\n<p>RAin Beata Hubrig<br \/>\nGaudystra\u00dfe 6<br \/>\n10437 Berlin<br \/>\nEmail: mail@kanzlei-hubrig.de<br \/>\nRufnummer: 030\/81038776<\/p>\n<p>&nbsp;<\/p>\n<h3><strong>Zwecke und Umfang der Datenverarbeitung<\/strong><\/h3>\n<h4>3.\u00a0\u00a0\u00a0\u00a0 <strong>Serverprotokoll<\/strong><\/h4>\n<p>Beim Besuch unserer Webseite wird jeder Zugriff in einer Protokolldatei, dem sogenannten Serverprotokoll, gespeichert. Dabei besteht jeder Datensatz aus Informationen \u00fcber:<\/p>\n<ul>\n<li>die Seite, von der aus eine Seite unserer Webpr\u00e4senz angefordert wurde<\/li>\n<li>die aufgerufene Seite innerhalb unserer Webpr\u00e4senz<\/li>\n<li>Datum und Uhrzeit des Aufrufs<\/li>\n<li>die \u00fcbertragene Datenmenge<\/li>\n<li>den Zugriffsstatus (ob der Aufruf erfolgreich war oder nicht)<\/li>\n<li>den benutzten Browser, z. B. Mozilla Firefox, Google Chrome, Apple Safari etc.)<\/li>\n<\/ul>\n<p>&nbsp;<\/p>\n<p>Die Rechtsgrundlage f\u00fcr diese Erhebung ist Art. 6 Abs. 1 lit. f) DSGVO (berechtigtes Interesse). Eine Widerspruchsm\u00f6glichkeit k\u00f6nnen wir Ihnen bei dieser Erhebung nicht anbieten, da das Serverprotokoll zur Sicherstellung der Bereitschaft dieser Webseite und im Falle von Angriffen auf die Webseite essenziell ist. Die Daten aus dem Serverprotokoll werden nach sieben Tagen automatisch gel\u00f6scht.<\/p>\n<h4>4.\u00a0\u00a0\u00a0\u00a0 <strong>Newsletter<\/strong><\/h4>\n<p>Wenn Sie sich f\u00fcr unseren Newsletter anmelden, erfolgt dies auf der Rechtsgrundlage, dass Sie uns Ihre Einwilligung hierzu erteilt haben (Art. 6 Abs.1 lit a) DSGVO).Sie k\u00f6nnen jederzeit der weiteren Zustellung des Newsletters widersprechen, indem sie auf den in jedem Newsletter am Ende angezeigten Abmeldelink klicken. Wir versenden unsere Newsletter mit \u201eMailChimp\u201c, einer Newsletterversandplattform des US-Anbieters Rocket Science Group, LLC, 675 Ponce De Leon Ave NE #5000, Atlanta, GA30308, USA.<\/p>\n<p>Die E-Mail-Adressen unserer Newsletterempf\u00e4nger werden auf den Servern von MailChimp in den USA gespeichert. MailChimp verwendet diese Informationen zum Versand der Newsletter in unserem Auftrag. Des Weiteren kann MailChimp nach eigenen Informationen diese Daten zur Optimierung oder Verbesserung der eigenen Services nutzen, z.B. zur technischen Optimierung des Versandes und der Darstellung der Newsletter oder f\u00fcr wirtschaftliche Zwecke, um zu bestimmen aus welchen L\u00e4ndern die Empf\u00e4nger kommen. MailChimp nutzt die Daten unserer Newsletterempf\u00e4nger jedoch nicht, um diese selbst anzuschreiben oder an Dritte weiterzugeben. Wir haben mit MailChimp ein \u201eData-Processing-Agreement\u201c abgeschlossen. Dabei handelt es sich um einen Vertrag, in dem sich MailChimp dazu verpflichtet, die Daten unserer Nutzer zu sch\u00fctzen, entsprechend dessen Datenschutzbestimmungen in unserem Auftrag zu verarbeiten und insbesondere nicht an Dritte weiter zu geben.<\/p>\n<h4>5.\u00a0 \u00a0 \u00a0<strong>Kontaktformular<\/strong><\/h4>\n<p>Wenn Sie mit uns mittels des auf der Webseite bereitgestellten Kontaktformulars in Kontakt treten, erfolgt dies auf Grundlage ihrer Einwilligung (Art. 6 Abs. 1 lit. a)). Die mittels des Kontaktformulars \u00fcbermittelten Daten verwenden wir nur zur Beantwortung Ihres Anliegens. Eine weitere Nutzung dieser Daten durch uns oder Dritte findet zu keinem Zeitpunkt statt.<\/p>\n<h4><strong>6.\u00a0 \u00a0 \u00a0Google Analytics <\/strong><\/h4>\n<p>Diese Website nutzt Funktionen des Webanalysedienstes Google Analytics. Anbieter ist die Google Inc., 1600 Amphitheatre Parkway Mountain View, CA 94043, USA.Google Analytics verwendet so genannte \u201eCookies\u201c. Das sind Textdateien, die auf Ihrem Computer gespeichert werden und die eine Analyse der Benutzung der Website durch Sie erm\u00f6glichen. Die durch den Cookie erzeugten Informationen \u00fcber Ihre Benutzung dieser Website werden in der Regel an einen Server von Google in den USA \u00fcbertragen und dort gespeichert.<\/p>\n<p>Mehr Informationen zum Umgang mit Nutzerdaten bei Google Analytics finden Sie in der Datenschutzerkl\u00e4rung von Google: <a href=\"https:\/\/support.google.com\/analytics\/answer\/6004245?hl=de\">https:\/\/support.google.com\/analytics\/answer\/6004245?hl=de<\/a><\/p>\n<h4><strong>7.\u00a0 \u00a0 \u00a0Browser Plugin<\/strong><\/h4>\n<p>Sie k\u00f6nnen die Speicherung der Cookies durch eine entsprechende Einstellung Ihrer Browser-Software verhindern; wir weisen Sie jedoch darauf hin, dass Sie in diesem Fall gegebenenfalls nicht s\u00e4mtliche Funktionen dieser Website vollumf\u00e4nglich werden nutzen k\u00f6nnen. Sie k\u00f6nnen dar\u00fcber hinaus die Erfassung der durch den Cookie erzeugten und auf Ihre Nutzung der Website bezogenen Daten (inkl. Ihrer IP-Adresse) an Google sowie die Verarbeitung dieser Daten durch Google verhindern, indem Sie das unter dem folgenden Link verf\u00fcgbare Browser-Plugin herunterladen und installieren: <a href=\"https:\/\/tools.google.com\/dlpage\/gaoptout?hl=de\">https:\/\/tools.google.com\/dlpage\/gaoptout?hl=de<\/a><\/p>\n<h4><strong>8.\u00a0 \u00a0 \u00a0IP-Anonymisierung<\/strong><\/h4>\n<p>Wir nutzen die Funktion \u201eAktivierung der IP-Anonymisierung\u201c auf dieser Webseite. Dadurch wird Ihre IP-Adresse von Google jedoch innerhalb von Mitgliedstaaten der Europ\u00e4ischen Union oder in anderen Vertragsstaaten des Abkommens \u00fcber den Europ\u00e4ischen Wirtschaftsraum zuvor gek\u00fcrzt. Nur in Ausnahmef\u00e4llen wird die volle IP-Adresse an einen Server von Google in den USA \u00fcbertragen und dort gek\u00fcrzt. Im Auftrag des Betreibers dieser Website wird Google diese Informationen benutzen, um Ihre Nutzung der Website auszuwerten, um Reports \u00fcber die Websiteaktivit\u00e4ten zusammenzustellen und um weitere mit der Websitenutzung und der Internetnutzung verbundene Dienstleistungen gegen\u00fcber dem Websitebetreiber zu erbringen. Die im Rahmen von Google Analytics von Ihrem Browser \u00fcbermittelte IP-Adresse wird nicht mit anderen Daten von Google zusammengef\u00fchrt.<\/p>\n<h4>9.\u00a0 \u00a0 \u00a0<strong>Nutzeranalyse mittels Matomo<\/strong><\/h4>\n<p>Unsere Webseite wird mittels des Tools Matomo daraufhin analysiert, wie die einzelnen Seiten besucht werden (Besuchsh\u00e4ufigkeit, Besuchsdauer, Absprungrate). Dabei ist Matomo so konfiguriert, dass ihre IP-Adresse gek\u00fcrzt (pseudonymisiert) wird, wodurch kein Bezug zu ihrer Person hergestellt werden kann. Da Matomo auf unserem Webserver installiert ist, werden im Rahmen der Nutzeranalyse keine Daten an Dritte \u00fcbermittelt. Aus vorstehenden Gr\u00fcnden ist die Rechtsgrundlage f\u00fcr diese Erhebungen Art. 6 Abs. 1 lit. f) (Berechtigtes Interesse des Verantwortlichen). Sie k\u00f6nnen sich hier entscheiden, ob in Ihrem Browser ein eindeutiger Webanalyse-Cookie abgelegt werden darf, um uns die Erfassung und Analyse verschiedener statistischer Daten zu erm\u00f6glichen. Wenn Sie sich dagegen entscheiden, klicken Sie bitte auf den folgenden Link, um den Matomo-Deaktivierungs-Cookie in Ihrem Browser abzulegen.<\/p>\n<h4>10.\u00a0\u00a0\u00a0\u00a0 <strong>Vimeo<\/strong><\/h4>\n<p>Wir nutzen f\u00fcr die Einbindung von Videos den Anbieter Vimeo. Vimeo wird betrieben von Vimeo, LLC mit Hauptsitz in 555 West 18th Street, New York, New York 10011. Wenn Sie die Videos von Vimeo anklicken, wird eine Verbindung zu den Vimeo-Servern hergestellt. Hierdurch wird an den Vimeo-Server \u00fcbermittelt, welche unserer Internetseiten Sie besucht haben. Sind Sie dabei als Mitglied bei Vimeo eingeloggt, ordnet Vimeo diese Information Ihrem pers\u00f6nlichen Benutzerkonto zu. Bei Nutzung des Plugins wie z.B. Anklicken des Start-Buttons eines Videos wird diese Information ebenfalls Ihrem Benutzerkonto zugeordnet. Sie k\u00f6nnen diese Zuordnung verhindern, indem Sie sich vor der Nutzung unserer Internetseite aus ihrem Vimeo-Benutzerkonto abmelden und die entsprechenden Cookies von Vimeo l\u00f6schen.<\/p>\n<p>Weitere Informationen zur Datenverarbeitung und Hinweise zum Datenschutz durch Vimeo finden Sie unter https:\/\/vimeo.com\/privacy.<\/p>\n<h4>11.\u00a0\u00a0\u00a0\u00a0 <strong>Social-Media<\/strong><\/h4>\n<p>Wir sind auch in sozialen Netzwerken pr\u00e4sent und verarbeiten in diesem Rahmen Nutzerdaten, um mit anderen Nutzern zu kommunizieren oder Informationen auszutauschen. Durch die Nutzung dieser Dienstleistungen, k\u00f6nnen Nutzerdaten au\u00dferhalb der Europ\u00e4ischen Union verarbeitet werden. Hierdurch k\u00f6nnen sich f\u00fcr die Nutzer Risiken ergeben, die Kontrolle der Einhaltung der datenschutzrechtlichen Vorschriften nicht mehr kontrolliert werden kann. Innerhalb sozialer Netzwerke werden Nutzerdaten oftmals f\u00fcr Marktforschungs- und Werbezwecke verarbeitet. Anhand des Nutzungsverhaltens und sich daraus ergebender Interessen der Nutzer k\u00f6nnen Nutzerprofile erstellt werden. Diese Nutzerprofile k\u00f6nnen verwendet werden, um Werbeanzeigen zu schalten, um auf das Kaufverhalten der Nutzer Einfluss zu nehmen. Zu diesen Zwecken werden Cookies auf den Rechnern der Nutzer gespeichert, in denen das Nutzungsverhalten und die Interessen der Nutzer gespeichert werden. Folgende Daten k\u00f6nnen auf diese Weise von den Diensteanbieter verarbeitet werden:<\/p>\n<ul>\n<li>Bestandsdaten (z.B. Namen, Adressen), Kontaktdaten (z.B. E-Mail, Telefonnummern)<\/li>\n<li>Inhaltsdaten (z.B. Eingaben in Onlineformularen)<\/li>\n<li>Nutzungsdaten (z.B. besuchte Webseiten, Interesse an Inhalten, Zugriffszeiten), Meta-\/Kommunikationsdaten (z.B. Ger\u00e4te-Informationen, IP-Adressen).<\/li>\n<\/ul>\n<p>Diese Dienste nutzen wir:<\/p>\n<p><strong>Instagram:<\/strong> Soziales Netzwerk; Dienstanbieter: Instagram Inc., 1601 Willow Road, Menlo Park, CA, 94025, USA; Website: https:\/\/www.instagram.com; Datenschutzerkl\u00e4rung:https:\/\/instagram.com\/about\/legal\/privacy.<\/p>\n<p><strong>Facebook:<\/strong> Soziales Netzwerk; Dienstanbieter: Facebook Ireland Ltd., 4 Grand Canal Square, Grand Canal Harbour, Dublin 2, Irland, Mutterunternehmen: Facebook, 1 Hacker Way, Menlo Park, CA 94025, USA; Website: https:\/\/www.facebook.com;<\/p>\n<p>Datenschutzerkl\u00e4rung:https:\/\/www.facebook.com\/about\/privacy; Widerspruchsm\u00f6glichkeit (Opt-Out):<br \/>\nEinstellungen f\u00fcr Werbeanzeigen: https:\/\/www.facebook.com\/settings?tab=ads;<br \/>\nZus\u00e4tzliche Hinweise zum Datenschutz: Vereinbarung \u00fcber gemeinsame Verarbeitung<br \/>\nPersonenbezogener Daten auf Facebook-Seiten: https:\/\/www.facebook.com\/legal\/terms\/page_controller_addendum, Datenschutzhinweise f\u00fcr Facebook-Seiten: https:\/\/www.facebook.com\/legal\/terms\/information_about_page_insights_data.<\/p>\n<p><strong>Twitter:<\/strong> Soziales Netzwerk; Dienstanbieter: Twitter Inc., 1355 Market Street, Suite 900, San Francisco, CA 94103, USA; Datenschutzerkl\u00e4rung: https:\/\/twitter.com\/de\/privacy, (Einstellungen) https:\/\/twitter.com\/personalization.<\/p>\n<p><strong>Netiquette<\/strong>: Wir behalten uns vor, die Diskussionen und Beitr\u00e4ge auf unseren Social-Media-Kan\u00e4len zu moderieren. Die wichtigsten Grundregeln daf\u00fcr haben wir\u00a0<a href=\"https:\/\/schwarzkopf-stiftung.de\/en\/netiquette-social-media\/\">hier<\/a>\u00a0in einer Netiquette zusammengefasst.<\/p>\n<h4>12.\u00a0\u00a0\u00a0\u00a0 <strong>Betterplace<\/strong><\/h4>\n<p>Wir nutzen f\u00fcr unsere Spenden Betterplace, gut.org gemeinn\u00fctzige Aktiengesellschaft<\/p>\n<p>Schlesische Stra\u00dfe 26<br \/>\nD-10997 Berlin<br \/>\nAufgang C, 5. Stock<br \/>\nTelefon: +49 30 7676 4488 0<br \/>\nFax: +49 30 7676 4488 40<\/p>\n<p>https:\/\/www.betterplace.org\/de\/organisations\/34968-schwarzkopf-stiftung-junges-europa<\/p>\n<p>Die \u00dcberweisungsdaten werden uns nicht zur Verf\u00fcgung gestellt, die Daten erh\u00e4lt allein Betterplace. Die Nutzer k\u00f6nnen zustimmen, ob bestimmte Informationen, wie z.B. E- mail Adressen an uns weitergegeben werden sollen. Wir erhalten nur die Information \u00fcber die H\u00f6he der jeweiligen Spende und den angegebenen Namen. Externe Besucher k\u00f6nnen zudem einsehen wer wie viel gespendet hat, sofern die Person sich nicht selbst anonymisiert.<\/p>\n<h4>13.\u00a0 <strong>Ihre Rechte als Betroffener<\/strong><\/h4>\n<p>Ihnen stehen folgende Rechte zu:<\/p>\n<p>das Recht auf Auskunft (Art. 15 DSGVO)<br \/>\ndas Recht auf Berichtigung (Art. 16 DSGVO)<br \/>\ndas Recht auf L\u00f6schung (Art. 17 DSGVO)<br \/>\ndas Recht auf Einschr\u00e4nkung der Verarbeitung (Art. 18 DSGVO)<br \/>\ndas Recht auf Widerspruch (Art. 21 DSGVO)<br \/>\ndas Recht auf Daten\u00fcbertragbarkeit (Art. 20 DSGVO)<\/p>\n<p>Zur Wahrnehmung ihrer Rechte k\u00f6nnen Sie sich unter den oben angegebenen Kontaktdaten an uns wenden.<\/p>\n<h4>14.\u00a0 <strong>Beschwerderecht<\/strong><\/h4>\n<p>Wenn Sie der Ansicht sind, dass auf unserer Webseite datenschutzrechtlich bedenkliche Verarbeitungen stattfinden, k\u00f6nnen Sie sich auch an die f\u00fcr Sie zust\u00e4ndige Aufsichtsbeh\u00f6rde f\u00fcr den Datenschutz wenden. Die f\u00fcr Sie zust\u00e4ndige Aufsichtsbeh\u00f6rde k\u00f6nnen Sie auf dem Internetauftritt des Bundesbeauftragten f\u00fcr den Datenschutz und die Informationsfreiheit unter folgendem Link ermitteln:<br \/>\n<a href=\"https:\/\/www.bfdi.bund.de\/%5b...%5d\/AufsichtsbehoerdenNichtOeffBereich_liste.html\">https:\/\/www.bfdi.bund.de\/[&#8230;]\/AufsichtsbehoerdenNichtOeffBereich_liste.html<\/a><\/p>\n<p>&nbsp;<\/p>\n<\/div>\n<\/div>\n<\/div>\n<p>[\/vc_column_text][\/vc_column][\/vc_row]<\/p>\n","protected":false},"excerpt":{"rendered":"<p>[vc_row css_animation=&#8221;&#8221; row_type=&#8221;row&#8221; use_row_as_full_screen_section=&#8221;no&#8221; type=&#8221;grid&#8221; angled_section=&#8221;no&#8221; text_align=&#8221;left&#8221; background_image_as_pattern=&#8221;without_pattern&#8221; el_class=&#8221;fullWhiteContent&#8221; z_index=&#8221;&#8221;][vc_column][vc_column_text] Data protection delaration (Ger) Datenschutzerkl\u00e4rung &nbsp; Mittels dieser Datenschutzerkl\u00e4rung m\u00f6chten wir Sie \u00fcber unseren Umgang mit personenbezogenen Daten, die ggf. beim Besuch unserer Webseite erhoben werden, informieren. &nbsp; 1.\u00a0\u00a0\u00a0\u00a0 Kontaktdaten Verantwortlicher: Schwarzkopf-Stiftung Junges Europa Sophienstr&#8230;.<\/p>\n","protected":false},"author":13,"featured_media":0,"parent":0,"menu_order":0,"comment_status":"closed","ping_status":"closed","template":"full_width.php","meta":[],"yoast_head":"<!-- This site is optimized with the Yoast SEO plugin v17.5 - https:\/\/yoast.com\/wordpress\/plugins\/seo\/ -->\n<meta name=\"robots\" content=\"index, follow, max-snippet:-1, max-image-preview:large, max-video-preview:-1\" \/>\n<link rel=\"canonical\" href=\"https:\/\/sf-alt.europa-verstehen.de\/en\/data-protection-declaration\/\" \/>\n<meta property=\"og:locale\" content=\"en_US\" \/>\n<meta property=\"og:type\" content=\"article\" \/>\n<meta property=\"og:title\" content=\"Data protection declaration - Schwarzkopf-Stiftung Junges Europa\" \/>\n<meta property=\"og:description\" content=\"[vc_row css_animation=&#8221;&#8221; row_type=&#8221;row&#8221; use_row_as_full_screen_section=&#8221;no&#8221; type=&#8221;grid&#8221; angled_section=&#8221;no&#8221; text_align=&#8221;left&#8221; background_image_as_pattern=&#8221;without_pattern&#8221; el_class=&#8221;fullWhiteContent&#8221; z_index=&#8221;&#8221;][vc_column][vc_column_text] Data protection delaration (Ger) Datenschutzerkl\u00e4rung &nbsp; Mittels dieser Datenschutzerkl\u00e4rung m\u00f6chten wir Sie \u00fcber unseren Umgang mit personenbezogenen Daten, die ggf. beim Besuch unserer Webseite erhoben werden, informieren. &nbsp; 1.\u00a0\u00a0\u00a0\u00a0 Kontaktdaten Verantwortlicher: Schwarzkopf-Stiftung Junges Europa Sophienstr....\" \/>\n<meta property=\"og:url\" content=\"https:\/\/sf-alt.europa-verstehen.de\/en\/data-protection-declaration\/\" \/>\n<meta property=\"og:site_name\" content=\"Schwarzkopf-Stiftung Junges Europa\" \/>\n<meta property=\"article:modified_time\" content=\"2021-01-25T14:50:24+00:00\" \/>\n<meta name=\"twitter:card\" content=\"summary_large_image\" \/>\n<meta name=\"twitter:label1\" content=\"Est. reading time\" \/>\n\t<meta name=\"twitter:data1\" content=\"7 minutes\" \/>\n<script type=\"application\/ld+json\" class=\"yoast-schema-graph\">{\"@context\":\"https:\/\/schema.org\",\"@graph\":[{\"@type\":\"WebSite\",\"@id\":\"https:\/\/sf-alt.europa-verstehen.de\/#website\",\"url\":\"https:\/\/sf-alt.europa-verstehen.de\/\",\"name\":\"Schwarzkopf-Stiftung Junges Europa\",\"description\":\"\",\"potentialAction\":[{\"@type\":\"SearchAction\",\"target\":{\"@type\":\"EntryPoint\",\"urlTemplate\":\"https:\/\/sf-alt.europa-verstehen.de\/?s={search_term_string}\"},\"query-input\":\"required name=search_term_string\"}],\"inLanguage\":\"en-US\"},{\"@type\":\"WebPage\",\"@id\":\"https:\/\/sf-alt.europa-verstehen.de\/en\/data-protection-declaration\/#webpage\",\"url\":\"https:\/\/sf-alt.europa-verstehen.de\/en\/data-protection-declaration\/\",\"name\":\"Data protection declaration - Schwarzkopf-Stiftung Junges Europa\",\"isPartOf\":{\"@id\":\"https:\/\/sf-alt.europa-verstehen.de\/#website\"},\"datePublished\":\"2018-02-14T11:28:28+00:00\",\"dateModified\":\"2021-01-25T14:50:24+00:00\",\"breadcrumb\":{\"@id\":\"https:\/\/sf-alt.europa-verstehen.de\/en\/data-protection-declaration\/#breadcrumb\"},\"inLanguage\":\"en-US\",\"potentialAction\":[{\"@type\":\"ReadAction\",\"target\":[\"https:\/\/sf-alt.europa-verstehen.de\/en\/data-protection-declaration\/\"]}]},{\"@type\":\"BreadcrumbList\",\"@id\":\"https:\/\/sf-alt.europa-verstehen.de\/en\/data-protection-declaration\/#breadcrumb\",\"itemListElement\":[{\"@type\":\"ListItem\",\"position\":1,\"name\":\"Home\",\"item\":\"https:\/\/sf-alt.europa-verstehen.de\/en\/\"},{\"@type\":\"ListItem\",\"position\":2,\"name\":\"Data protection declaration\"}]}]}<\/script>\n<!-- \/ Yoast SEO plugin. -->","yoast_head_json":{"robots":{"index":"index","follow":"follow","max-snippet":"max-snippet:-1","max-image-preview":"max-image-preview:large","max-video-preview":"max-video-preview:-1"},"canonical":"https:\/\/sf-alt.europa-verstehen.de\/en\/data-protection-declaration\/","og_locale":"en_US","og_type":"article","og_title":"Data protection declaration - Schwarzkopf-Stiftung Junges Europa","og_description":"[vc_row css_animation=&#8221;&#8221; row_type=&#8221;row&#8221; use_row_as_full_screen_section=&#8221;no&#8221; type=&#8221;grid&#8221; angled_section=&#8221;no&#8221; text_align=&#8221;left&#8221; background_image_as_pattern=&#8221;without_pattern&#8221; el_class=&#8221;fullWhiteContent&#8221; z_index=&#8221;&#8221;][vc_column][vc_column_text] Data protection delaration (Ger) Datenschutzerkl\u00e4rung &nbsp; Mittels dieser Datenschutzerkl\u00e4rung m\u00f6chten wir Sie \u00fcber unseren Umgang mit personenbezogenen Daten, die ggf. beim Besuch unserer Webseite erhoben werden, informieren. &nbsp; 1.\u00a0\u00a0\u00a0\u00a0 Kontaktdaten Verantwortlicher: Schwarzkopf-Stiftung Junges Europa Sophienstr....","og_url":"https:\/\/sf-alt.europa-verstehen.de\/en\/data-protection-declaration\/","og_site_name":"Schwarzkopf-Stiftung Junges Europa","article_modified_time":"2021-01-25T14:50:24+00:00","twitter_card":"summary_large_image","twitter_misc":{"Est. reading time":"7 minutes"},"schema":{"@context":"https:\/\/schema.org","@graph":[{"@type":"WebSite","@id":"https:\/\/sf-alt.europa-verstehen.de\/#website","url":"https:\/\/sf-alt.europa-verstehen.de\/","name":"Schwarzkopf-Stiftung Junges Europa","description":"","potentialAction":[{"@type":"SearchAction","target":{"@type":"EntryPoint","urlTemplate":"https:\/\/sf-alt.europa-verstehen.de\/?s={search_term_string}"},"query-input":"required name=search_term_string"}],"inLanguage":"en-US"},{"@type":"WebPage","@id":"https:\/\/sf-alt.europa-verstehen.de\/en\/data-protection-declaration\/#webpage","url":"https:\/\/sf-alt.europa-verstehen.de\/en\/data-protection-declaration\/","name":"Data protection declaration - Schwarzkopf-Stiftung Junges Europa","isPartOf":{"@id":"https:\/\/sf-alt.europa-verstehen.de\/#website"},"datePublished":"2018-02-14T11:28:28+00:00","dateModified":"2021-01-25T14:50:24+00:00","breadcrumb":{"@id":"https:\/\/sf-alt.europa-verstehen.de\/en\/data-protection-declaration\/#breadcrumb"},"inLanguage":"en-US","potentialAction":[{"@type":"ReadAction","target":["https:\/\/sf-alt.europa-verstehen.de\/en\/data-protection-declaration\/"]}]},{"@type":"BreadcrumbList","@id":"https:\/\/sf-alt.europa-verstehen.de\/en\/data-protection-declaration\/#breadcrumb","itemListElement":[{"@type":"ListItem","position":1,"name":"Home","item":"https:\/\/sf-alt.europa-verstehen.de\/en\/"},{"@type":"ListItem","position":2,"name":"Data protection declaration"}]}]}},"_links":{"self":[{"href":"https:\/\/sf-alt.europa-verstehen.de\/en\/wp-json\/wp\/v2\/pages\/20164"}],"collection":[{"href":"https:\/\/sf-alt.europa-verstehen.de\/en\/wp-json\/wp\/v2\/pages"}],"about":[{"href":"https:\/\/sf-alt.europa-verstehen.de\/en\/wp-json\/wp\/v2\/types\/page"}],"author":[{"embeddable":true,"href":"https:\/\/sf-alt.europa-verstehen.de\/en\/wp-json\/wp\/v2\/users\/13"}],"replies":[{"embeddable":true,"href":"https:\/\/sf-alt.europa-verstehen.de\/en\/wp-json\/wp\/v2\/comments?post=20164"}],"version-history":[{"count":10,"href":"https:\/\/sf-alt.europa-verstehen.de\/en\/wp-json\/wp\/v2\/pages\/20164\/revisions"}],"predecessor-version":[{"id":32252,"href":"https:\/\/sf-alt.europa-verstehen.de\/en\/wp-json\/wp\/v2\/pages\/20164\/revisions\/32252"}],"wp:attachment":[{"href":"https:\/\/sf-alt.europa-verstehen.de\/en\/wp-json\/wp\/v2\/media?parent=20164"}],"curies":[{"name":"wp","href":"https:\/\/api.w.org\/{rel}","templated":true}]}}